{"id":12,"date":"2025-12-29T19:42:32","date_gmt":"2025-12-29T19:42:32","guid":{"rendered":"http:\/\/www.lepicesttous.fr\/?page_id=12"},"modified":"2026-03-06T13:28:27","modified_gmt":"2026-03-06T13:28:27","slug":"actualites","status":"publish","type":"page","link":"https:\/\/www.lepicesttous.fr\/index.php\/actualites\/","title":{"rendered":"Actualit\u00e9s"},"content":{"rendered":"\t\t<div data-elementor-type=\"wp-page\" data-elementor-id=\"12\" class=\"elementor elementor-12\">\n\t\t\t\t<div class=\"elementor-element elementor-element-f67d3cb e-flex e-con-boxed e-con e-parent\" data-id=\"f67d3cb\" data-element_type=\"container\">\n\t\t\t\t\t<div class=\"e-con-inner\">\n\t\t\t\t<div class=\"elementor-element elementor-element-6ca1fed elementor-view-default elementor-position-block-start elementor-mobile-position-block-start elementor-widget elementor-widget-icon-box\" data-id=\"6ca1fed\" data-element_type=\"widget\" data-widget_type=\"icon-box.default\">\n\t\t\t\t\t\t\t<div class=\"elementor-icon-box-wrapper\">\n\n\t\t\t\t\t\t<div class=\"elementor-icon-box-icon\">\n\t\t\t\t<span  class=\"elementor-icon\">\n\t\t\t\t<svg aria-hidden=\"true\" class=\"e-font-icon-svg e-fas-store\" viewBox=\"0 0 616 512\" xmlns=\"http:\/\/www.w3.org\/2000\/svg\"><path d=\"M602 118.6L537.1 15C531.3 5.7 521 0 510 0H106C95 0 84.7 5.7 78.9 15L14 118.6c-33.5 53.5-3.8 127.9 58.8 136.4 4.5.6 9.1.9 13.7.9 29.6 0 55.8-13 73.8-33.1 18 20.1 44.3 33.1 73.8 33.1 29.6 0 55.8-13 73.8-33.1 18 20.1 44.3 33.1 73.8 33.1 29.6 0 55.8-13 73.8-33.1 18.1 20.1 44.3 33.1 73.8 33.1 4.7 0 9.2-.3 13.7-.9 62.8-8.4 92.6-82.8 59-136.4zM529.5 288c-10 0-19.9-1.5-29.5-3.8V384H116v-99.8c-9.6 2.2-19.5 3.8-29.5 3.8-6 0-12.1-.4-18-1.2-5.6-.8-11.1-2.1-16.4-3.6V480c0 17.7 14.3 32 32 32h448c17.7 0 32-14.3 32-32V283.2c-5.4 1.6-10.8 2.9-16.4 3.6-6.1.8-12.1 1.2-18.2 1.2z\"><\/path><\/svg>\t\t\t\t<\/span>\n\t\t\t<\/div>\n\t\t\t\n\t\t\t\t\t\t<div class=\"elementor-icon-box-content\">\n\n\t\t\t\t\t\t\t\t\t<h3 class=\"elementor-icon-box-title\">\n\t\t\t\t\t\t<span  >\n\t\t\t\t\t\t\tOuverture pr\u00e9visionnelle Avril 2026\t\t\t\t\t\t<\/span>\n\t\t\t\t\t<\/h3>\n\t\t\t\t\n\t\t\t\t\n\t\t\t<\/div>\n\t\t\t\n\t\t<\/div>\n\t\t\t\t\t\t<\/div>\n\t\t\t\t<div class=\"elementor-element elementor-element-4fb408a elementor-widget__width-initial e-transform elementor-position-top elementor-widget elementor-widget-image-box\" data-id=\"4fb408a\" data-element_type=\"widget\" data-settings=\"{&quot;_transform_translateX_effect&quot;:{&quot;unit&quot;:&quot;px&quot;,&quot;size&quot;:&quot;&quot;,&quot;sizes&quot;:[]},&quot;_transform_translateX_effect_tablet&quot;:{&quot;unit&quot;:&quot;px&quot;,&quot;size&quot;:&quot;&quot;,&quot;sizes&quot;:[]},&quot;_transform_translateX_effect_mobile&quot;:{&quot;unit&quot;:&quot;px&quot;,&quot;size&quot;:&quot;&quot;,&quot;sizes&quot;:[]},&quot;_transform_translateY_effect&quot;:{&quot;unit&quot;:&quot;px&quot;,&quot;size&quot;:&quot;&quot;,&quot;sizes&quot;:[]},&quot;_transform_translateY_effect_tablet&quot;:{&quot;unit&quot;:&quot;px&quot;,&quot;size&quot;:&quot;&quot;,&quot;sizes&quot;:[]},&quot;_transform_translateY_effect_mobile&quot;:{&quot;unit&quot;:&quot;px&quot;,&quot;size&quot;:&quot;&quot;,&quot;sizes&quot;:[]}}\" data-widget_type=\"image-box.default\">\n\t\t\t\t\t<div class=\"elementor-image-box-wrapper\"><figure class=\"elementor-image-box-img\"><a href=\"http:\/\/lepicesttous@gmaill.com\" target=\"_blank\" tabindex=\"-1\"><img decoding=\"async\" src=\"https:\/\/www.lepicesttous.fr\/wp-content\/uploads\/2026\/01\/Travaux-epicerie.jpg\" title=\"\" alt=\"\" loading=\"lazy\" \/><\/a><\/figure><div class=\"elementor-image-box-content\"><h3 class=\"elementor-image-box-title\"><a href=\"http:\/\/lepicesttous@gmaill.com\" target=\"_blank\">O\u00f9 en sommes-nous ?<\/a><\/h3><\/div><\/div>\t\t\t\t<\/div>\n\t\t\t\t<div class=\"elementor-element elementor-element-b104e8e elementor-widget elementor-widget-text-editor\" data-id=\"b104e8e\" data-element_type=\"widget\" data-widget_type=\"text-editor.default\">\n\t\t\t\t\t\t\t\t\t<ul><li>Le local o\u00f9 sera situ\u00e9e l&rsquo;association est actuellement en travaux. Ces travaux sont financ\u00e9s par la ville de Puiseaux et subventionn\u00e9s.<\/li><li>Nous mettons en place un r\u00e9seau de b\u00e9n\u00e9voles pour faire vivre notre association.<\/li><li>Vous souhaitez obtenir des renseignements, rejoindre l&rsquo;\u00e9quipe de b\u00e9n\u00e9voles, n&rsquo;h\u00e9sitez pas \u00e0 nous contacter par mail.<\/li><li>Nous avons encore besoin d&rsquo;acheter du mat\u00e9riel. Nous faisons donc appel \u00e0 vous et aux entreprises et commer\u00e7ants locaux et nous rencontrons une \u00e9coute favorable.<\/li><li>Nous avons \u00e9galement mis en place une cagnotte en ligne ouverte \u00e0 toutes et tous.<\/li><li>Nous avons d\u00e9j\u00e0 obtenu une subvention de ANDES(Association Nationale des Epiceries Solidaires) et d&rsquo;Initiatives Locales du Cr\u00e9dit Agricole.<\/li><\/ul>\t\t\t\t\t\t\t\t<\/div>\n\t\t\t\t<div class=\"elementor-element elementor-element-438d6d3 elementor-widget elementor-widget-text-editor\" data-id=\"438d6d3\" data-element_type=\"widget\" data-widget_type=\"text-editor.default\">\n\t\t\t\t\t\t\t\t\t<h2><a href=\"mailto:lepicesttous@gmail.com\">lepicesttous@gmail.com<\/a><\/h2>\t\t\t\t\t\t\t\t<\/div>\n\t\t\t\t<div class=\"elementor-element elementor-element-a638df3 elementor-arrows-position-inside elementor-pagination-position-outside elementor-widget elementor-widget-image-carousel\" data-id=\"a638df3\" data-element_type=\"widget\" data-settings=\"{&quot;navigation&quot;:&quot;both&quot;,&quot;autoplay&quot;:&quot;yes&quot;,&quot;pause_on_hover&quot;:&quot;yes&quot;,&quot;pause_on_interaction&quot;:&quot;yes&quot;,&quot;autoplay_speed&quot;:5000,&quot;infinite&quot;:&quot;yes&quot;,&quot;speed&quot;:500}\" data-widget_type=\"image-carousel.default\">\n\t\t\t\t\t\t\t<div class=\"elementor-image-carousel-wrapper swiper\" role=\"region\" aria-roledescription=\"carousel\" aria-label=\"Carrousel d\u2019images\" dir=\"ltr\">\n\t\t\t<div class=\"elementor-image-carousel swiper-wrapper\" aria-live=\"off\">\n\t\t\t\t\t\t\t\t<div class=\"swiper-slide\" role=\"group\" aria-roledescription=\"slide\" aria-label=\"1 sur 1\"><a data-elementor-open-lightbox=\"yes\" data-elementor-lightbox-slideshow=\"a638df3\" data-elementor-lightbox-title=\"QR code l&#039;\u00e9pi c&#039;est tous\" data-e-action-hash=\"#elementor-action%3Aaction%3Dlightbox%26settings%3DeyJpZCI6MjEzLCJ1cmwiOiJodHRwczpcL1wvd3d3LmxlcGljZXN0dG91cy5mclwvd3AtY29udGVudFwvdXBsb2Fkc1wvMjAyNlwvMDFcL1FSLWNvZGUtbGVwaS1jZXN0LXRvdXMucG5nIiwic2xpZGVzaG93IjoiYTYzOGRmMyJ9\" href=\"https:\/\/www.helloasso.com\/associations\/l-epi-c-est-tous\" target=\"_blank\"><figure class=\"swiper-slide-inner\"><img decoding=\"async\" class=\"swiper-slide-image\" src=\"https:\/\/www.lepicesttous.fr\/wp-content\/uploads\/2026\/01\/QR-code-lepi-cest-tous-150x150.png\" alt=\"Appel aux dons Hello Asso\" \/><figcaption class=\"elementor-image-carousel-caption\">Appel aux dons Hello Asso<\/figcaption><\/figure><\/a><\/div>\t\t\t<\/div>\n\t\t\t\t\t<\/div>\n\t\t\t\t\t\t<\/div>\n\t\t\t\t<div class=\"elementor-element elementor-element-bf30658 elementor-widget elementor-widget-text-editor\" data-id=\"bf30658\" data-element_type=\"widget\" data-widget_type=\"text-editor.default\">\n\t\t\t\t\t\t\t\t\t<p><strong>Merci \u00e0 nos g\u00e9n\u00e9reuses entreprises donatrices :<\/strong><\/p>\t\t\t\t\t\t\t\t<\/div>\n\t\t\t\t<div class=\"elementor-element elementor-element-d7c35a4 elementor-arrows-position-inside elementor-pagination-position-outside elementor-widget elementor-widget-image-carousel\" data-id=\"d7c35a4\" data-element_type=\"widget\" data-settings=\"{&quot;slides_to_show&quot;:&quot;3&quot;,&quot;navigation&quot;:&quot;both&quot;,&quot;autoplay&quot;:&quot;yes&quot;,&quot;pause_on_hover&quot;:&quot;yes&quot;,&quot;pause_on_interaction&quot;:&quot;yes&quot;,&quot;autoplay_speed&quot;:5000,&quot;infinite&quot;:&quot;yes&quot;,&quot;speed&quot;:500}\" data-widget_type=\"image-carousel.default\">\n\t\t\t\t\t\t\t<div class=\"elementor-image-carousel-wrapper swiper\" role=\"region\" aria-roledescription=\"carousel\" aria-label=\"Carrousel d\u2019images\" dir=\"ltr\">\n\t\t\t<div class=\"elementor-image-carousel swiper-wrapper\" aria-live=\"off\">\n\t\t\t\t\t\t\t\t<div class=\"swiper-slide\" role=\"group\" aria-roledescription=\"slide\" aria-label=\"1 sur 6\"><figure class=\"swiper-slide-inner\"><img decoding=\"async\" class=\"swiper-slide-image\" src=\"https:\/\/www.lepicesttous.fr\/wp-content\/uploads\/2026\/01\/ma-cignone.jpg\" alt=\"Plombier PUISEAUX\" \/><figcaption class=\"elementor-image-carousel-caption\">Plombier \u00e0 Puiseaux<\/figcaption><\/figure><\/div><div class=\"swiper-slide\" role=\"group\" aria-roledescription=\"slide\" aria-label=\"2 sur 6\"><figure class=\"swiper-slide-inner\"><img decoding=\"async\" class=\"swiper-slide-image\" src=\"https:\/\/www.lepicesttous.fr\/wp-content\/uploads\/2026\/01\/Villoing.jpg\" alt=\"Pisciniste \u00e0 Puiseaux\" \/><figcaption class=\"elementor-image-carousel-caption\">Pisciniste \u00e0 Puiseaux<\/figcaption><\/figure><\/div><div class=\"swiper-slide\" role=\"group\" aria-roledescription=\"slide\" aria-label=\"3 sur 6\"><figure class=\"swiper-slide-inner\"><img decoding=\"async\" class=\"swiper-slide-image\" src=\"https:\/\/www.lepicesttous.fr\/wp-content\/uploads\/2026\/01\/Xefi.jpg\" alt=\"Mat\u00e9ri\u00e9l Informatique Puiseaux\" \/><figcaption class=\"elementor-image-carousel-caption\">Mat\u00e9ri\u00e9l Informatique Puiseaux<\/figcaption><\/figure><\/div><div class=\"swiper-slide\" role=\"group\" aria-roledescription=\"slide\" aria-label=\"4 sur 6\"><figure class=\"swiper-slide-inner\"><img decoding=\"async\" class=\"swiper-slide-image\" src=\"https:\/\/www.lepicesttous.fr\/wp-content\/uploads\/2026\/01\/Capture-decran-CA.png\" alt=\"Initiatives locales CA\" \/><figcaption class=\"elementor-image-carousel-caption\">Initiatives locales CA<\/figcaption><\/figure><\/div><div class=\"swiper-slide\" role=\"group\" aria-roledescription=\"slide\" aria-label=\"5 sur 6\"><figure class=\"swiper-slide-inner\"><img decoding=\"async\" class=\"swiper-slide-image\" src=\"https:\/\/www.lepicesttous.fr\/wp-content\/uploads\/2026\/03\/Sans-titre.jpg\" alt=\"Achat et r\u00e9emploi m\u00e9taux Puiseaux\" \/><figcaption class=\"elementor-image-carousel-caption\">Achat et r\u00e9emploi m\u00e9taux Puiseaux<\/figcaption><\/figure><\/div><div class=\"swiper-slide\" role=\"group\" aria-roledescription=\"slide\" aria-label=\"6 sur 6\"><figure class=\"swiper-slide-inner\"><img decoding=\"async\" class=\"swiper-slide-image\" src=\"https:\/\/www.lepicesttous.fr\/wp-content\/uploads\/2026\/03\/Sans-titre.png\" alt=\"Intermarch\u00e9 Puiseaux\" \/><figcaption class=\"elementor-image-carousel-caption\">Intermarch\u00e9 Puiseaux<\/figcaption><\/figure><\/div>\t\t\t<\/div>\n\t\t\t\t\t\t\t\t\t\t\t\t<div class=\"elementor-swiper-button elementor-swiper-button-prev\" role=\"button\" tabindex=\"0\">\n\t\t\t\t\t\t<svg aria-hidden=\"true\" class=\"e-font-icon-svg e-eicon-chevron-left\" viewBox=\"0 0 1000 1000\" xmlns=\"http:\/\/www.w3.org\/2000\/svg\"><path d=\"M646 125C629 125 613 133 604 142L308 442C296 454 292 471 292 487 292 504 296 521 308 533L604 854C617 867 629 875 646 875 663 875 679 871 692 858 704 846 713 829 713 812 713 796 708 779 692 767L438 487 692 225C700 217 708 204 708 187 708 171 704 154 692 142 675 129 663 125 646 125Z\"><\/path><\/svg>\t\t\t\t\t<\/div>\n\t\t\t\t\t<div class=\"elementor-swiper-button elementor-swiper-button-next\" role=\"button\" tabindex=\"0\">\n\t\t\t\t\t\t<svg aria-hidden=\"true\" class=\"e-font-icon-svg e-eicon-chevron-right\" viewBox=\"0 0 1000 1000\" xmlns=\"http:\/\/www.w3.org\/2000\/svg\"><path d=\"M696 533C708 521 713 504 713 487 713 471 708 454 696 446L400 146C388 133 375 125 354 125 338 125 325 129 313 142 300 154 292 171 292 187 292 204 296 221 308 233L563 492 304 771C292 783 288 800 288 817 288 833 296 850 308 863 321 871 338 875 354 875 371 875 388 867 400 854L696 533Z\"><\/path><\/svg>\t\t\t\t\t<\/div>\n\t\t\t\t\n\t\t\t\t\t\t\t\t\t<div class=\"swiper-pagination\"><\/div>\n\t\t\t\t\t\t\t\t\t<\/div>\n\t\t\t\t\t\t<\/div>\n\t\t\t\t\t<\/div>\n\t\t\t\t<\/div>\n\t\t\t\t<\/div>\n\t\t","protected":false},"excerpt":{"rendered":"<p>Ouverture pr\u00e9visionnelle Avril 2026 O\u00f9 en sommes-nous ? Le local o\u00f9 sera situ\u00e9e l&rsquo;association est actuellement en travaux. Ces travaux sont financ\u00e9s par la ville de Puiseaux et subventionn\u00e9s. Nous mettons en place un r\u00e9seau de b\u00e9n\u00e9voles pour faire vivre notre association. Vous souhaitez obtenir des renseignements, rejoindre l&rsquo;\u00e9quipe de b\u00e9n\u00e9voles, n&rsquo;h\u00e9sitez pas \u00e0 nous [&hellip;]<\/p>\n","protected":false},"author":1,"featured_media":0,"parent":0,"menu_order":0,"comment_status":"closed","ping_status":"closed","template":"","meta":{"footnotes":""},"class_list":["post-12","page","type-page","status-publish","hentry"],"yoast_head":"<!-- This site is optimized with the Yoast SEO plugin v26.6 - https:\/\/yoast.com\/wordpress\/plugins\/seo\/ -->\n<title>Actualit\u00e9s - l&#039;epi c&#039;est tous<\/title>\n<meta name=\"robots\" content=\"index, follow, max-snippet:-1, max-image-preview:large, max-video-preview:-1\" \/>\n<link rel=\"canonical\" href=\"https:\/\/www.lepicesttous.fr\/index.php\/actualites\/\" \/>\n<meta property=\"og:locale\" content=\"fr_FR\" \/>\n<meta property=\"og:type\" content=\"article\" \/>\n<meta property=\"og:title\" content=\"Actualit\u00e9s - l&#039;epi c&#039;est tous\" \/>\n<meta property=\"og:description\" content=\"Ouverture pr\u00e9visionnelle Avril 2026 O\u00f9 en sommes-nous ? Le local o\u00f9 sera situ\u00e9e l&rsquo;association est actuellement en travaux. Ces travaux sont financ\u00e9s par la ville de Puiseaux et subventionn\u00e9s. Nous mettons en place un r\u00e9seau de b\u00e9n\u00e9voles pour faire vivre notre association. Vous souhaitez obtenir des renseignements, rejoindre l&rsquo;\u00e9quipe de b\u00e9n\u00e9voles, n&rsquo;h\u00e9sitez pas \u00e0 nous [&hellip;]\" \/>\n<meta property=\"og:url\" content=\"https:\/\/www.lepicesttous.fr\/index.php\/actualites\/\" \/>\n<meta property=\"og:site_name\" content=\"l&#039;epi c&#039;est tous\" \/>\n<meta property=\"article:modified_time\" content=\"2026-03-06T13:28:27+00:00\" \/>\n<meta property=\"og:image\" content=\"https:\/\/www.lepicesttous.fr\/wp-content\/uploads\/2026\/01\/Travaux-epicerie.jpg\" \/>\n<meta name=\"twitter:card\" content=\"summary_large_image\" \/>\n<meta name=\"twitter:label1\" content=\"Dur\u00e9e de lecture estim\u00e9e\" \/>\n\t<meta name=\"twitter:data1\" content=\"3 minutes\" \/>\n<script type=\"application\/ld+json\" class=\"yoast-schema-graph\">{\"@context\":\"https:\/\/schema.org\",\"@graph\":[{\"@type\":\"WebPage\",\"@id\":\"https:\/\/www.lepicesttous.fr\/index.php\/actualites\/\",\"url\":\"https:\/\/www.lepicesttous.fr\/index.php\/actualites\/\",\"name\":\"Actualit\u00e9s - l&#039;epi c&#039;est tous\",\"isPartOf\":{\"@id\":\"https:\/\/www.lepicesttous.fr\/#website\"},\"primaryImageOfPage\":{\"@id\":\"https:\/\/www.lepicesttous.fr\/index.php\/actualites\/#primaryimage\"},\"image\":{\"@id\":\"https:\/\/www.lepicesttous.fr\/index.php\/actualites\/#primaryimage\"},\"thumbnailUrl\":\"https:\/\/www.lepicesttous.fr\/wp-content\/uploads\/2026\/01\/Travaux-epicerie.jpg\",\"datePublished\":\"2025-12-29T19:42:32+00:00\",\"dateModified\":\"2026-03-06T13:28:27+00:00\",\"breadcrumb\":{\"@id\":\"https:\/\/www.lepicesttous.fr\/index.php\/actualites\/#breadcrumb\"},\"inLanguage\":\"fr-FR\",\"potentialAction\":[{\"@type\":\"ReadAction\",\"target\":[\"https:\/\/www.lepicesttous.fr\/index.php\/actualites\/\"]}]},{\"@type\":\"ImageObject\",\"inLanguage\":\"fr-FR\",\"@id\":\"https:\/\/www.lepicesttous.fr\/index.php\/actualites\/#primaryimage\",\"url\":\"\",\"contentUrl\":\"\"},{\"@type\":\"BreadcrumbList\",\"@id\":\"https:\/\/www.lepicesttous.fr\/index.php\/actualites\/#breadcrumb\",\"itemListElement\":[{\"@type\":\"ListItem\",\"position\":1,\"name\":\"Accueil\",\"item\":\"https:\/\/www.lepicesttous.fr\/\"},{\"@type\":\"ListItem\",\"position\":2,\"name\":\"Actualit\u00e9s\"}]},{\"@type\":\"WebSite\",\"@id\":\"https:\/\/www.lepicesttous.fr\/#website\",\"url\":\"https:\/\/www.lepicesttous.fr\/\",\"name\":\"l'epi c'est tous\",\"description\":\"\u00e9picerie solidaire sociale Puiseaux\",\"potentialAction\":[{\"@type\":\"SearchAction\",\"target\":{\"@type\":\"EntryPoint\",\"urlTemplate\":\"https:\/\/www.lepicesttous.fr\/?s={search_term_string}\"},\"query-input\":{\"@type\":\"PropertyValueSpecification\",\"valueRequired\":true,\"valueName\":\"search_term_string\"}}],\"inLanguage\":\"fr-FR\"}]}<\/script>\n<!-- \/ Yoast SEO plugin. -->","yoast_head_json":{"title":"Actualit\u00e9s - l&#039;epi c&#039;est tous","robots":{"index":"index","follow":"follow","max-snippet":"max-snippet:-1","max-image-preview":"max-image-preview:large","max-video-preview":"max-video-preview:-1"},"canonical":"https:\/\/www.lepicesttous.fr\/index.php\/actualites\/","og_locale":"fr_FR","og_type":"article","og_title":"Actualit\u00e9s - l&#039;epi c&#039;est tous","og_description":"Ouverture pr\u00e9visionnelle Avril 2026 O\u00f9 en sommes-nous ? Le local o\u00f9 sera situ\u00e9e l&rsquo;association est actuellement en travaux. Ces travaux sont financ\u00e9s par la ville de Puiseaux et subventionn\u00e9s. Nous mettons en place un r\u00e9seau de b\u00e9n\u00e9voles pour faire vivre notre association. Vous souhaitez obtenir des renseignements, rejoindre l&rsquo;\u00e9quipe de b\u00e9n\u00e9voles, n&rsquo;h\u00e9sitez pas \u00e0 nous [&hellip;]","og_url":"https:\/\/www.lepicesttous.fr\/index.php\/actualites\/","og_site_name":"l&#039;epi c&#039;est tous","article_modified_time":"2026-03-06T13:28:27+00:00","og_image":[{"url":"https:\/\/www.lepicesttous.fr\/wp-content\/uploads\/2026\/01\/Travaux-epicerie.jpg","type":"","width":"","height":""}],"twitter_card":"summary_large_image","twitter_misc":{"Dur\u00e9e de lecture estim\u00e9e":"3 minutes"},"schema":{"@context":"https:\/\/schema.org","@graph":[{"@type":"WebPage","@id":"https:\/\/www.lepicesttous.fr\/index.php\/actualites\/","url":"https:\/\/www.lepicesttous.fr\/index.php\/actualites\/","name":"Actualit\u00e9s - l&#039;epi c&#039;est tous","isPartOf":{"@id":"https:\/\/www.lepicesttous.fr\/#website"},"primaryImageOfPage":{"@id":"https:\/\/www.lepicesttous.fr\/index.php\/actualites\/#primaryimage"},"image":{"@id":"https:\/\/www.lepicesttous.fr\/index.php\/actualites\/#primaryimage"},"thumbnailUrl":"https:\/\/www.lepicesttous.fr\/wp-content\/uploads\/2026\/01\/Travaux-epicerie.jpg","datePublished":"2025-12-29T19:42:32+00:00","dateModified":"2026-03-06T13:28:27+00:00","breadcrumb":{"@id":"https:\/\/www.lepicesttous.fr\/index.php\/actualites\/#breadcrumb"},"inLanguage":"fr-FR","potentialAction":[{"@type":"ReadAction","target":["https:\/\/www.lepicesttous.fr\/index.php\/actualites\/"]}]},{"@type":"ImageObject","inLanguage":"fr-FR","@id":"https:\/\/www.lepicesttous.fr\/index.php\/actualites\/#primaryimage","url":"","contentUrl":""},{"@type":"BreadcrumbList","@id":"https:\/\/www.lepicesttous.fr\/index.php\/actualites\/#breadcrumb","itemListElement":[{"@type":"ListItem","position":1,"name":"Accueil","item":"https:\/\/www.lepicesttous.fr\/"},{"@type":"ListItem","position":2,"name":"Actualit\u00e9s"}]},{"@type":"WebSite","@id":"https:\/\/www.lepicesttous.fr\/#website","url":"https:\/\/www.lepicesttous.fr\/","name":"l'epi c'est tous","description":"\u00e9picerie solidaire sociale Puiseaux","potentialAction":[{"@type":"SearchAction","target":{"@type":"EntryPoint","urlTemplate":"https:\/\/www.lepicesttous.fr\/?s={search_term_string}"},"query-input":{"@type":"PropertyValueSpecification","valueRequired":true,"valueName":"search_term_string"}}],"inLanguage":"fr-FR"}]}},"_links":{"self":[{"href":"https:\/\/www.lepicesttous.fr\/index.php\/wp-json\/wp\/v2\/pages\/12","targetHints":{"allow":["GET"]}}],"collection":[{"href":"https:\/\/www.lepicesttous.fr\/index.php\/wp-json\/wp\/v2\/pages"}],"about":[{"href":"https:\/\/www.lepicesttous.fr\/index.php\/wp-json\/wp\/v2\/types\/page"}],"author":[{"embeddable":true,"href":"https:\/\/www.lepicesttous.fr\/index.php\/wp-json\/wp\/v2\/users\/1"}],"replies":[{"embeddable":true,"href":"https:\/\/www.lepicesttous.fr\/index.php\/wp-json\/wp\/v2\/comments?post=12"}],"version-history":[{"count":163,"href":"https:\/\/www.lepicesttous.fr\/index.php\/wp-json\/wp\/v2\/pages\/12\/revisions"}],"predecessor-version":[{"id":656,"href":"https:\/\/www.lepicesttous.fr\/index.php\/wp-json\/wp\/v2\/pages\/12\/revisions\/656"}],"wp:attachment":[{"href":"https:\/\/www.lepicesttous.fr\/index.php\/wp-json\/wp\/v2\/media?parent=12"}],"curies":[{"name":"wp","href":"https:\/\/api.w.org\/{rel}","templated":true}]}}