{"id":14,"date":"2025-12-29T19:42:32","date_gmt":"2025-12-29T19:42:32","guid":{"rendered":"http:\/\/www.lepicesttous.fr\/?page_id=14"},"modified":"2026-01-03T14:42:00","modified_gmt":"2026-01-03T14:42:00","slug":"contact","status":"publish","type":"page","link":"https:\/\/www.lepicesttous.fr\/index.php\/contact\/","title":{"rendered":"Contact"},"content":{"rendered":"\t\t<div data-elementor-type=\"wp-page\" data-elementor-id=\"14\" class=\"elementor elementor-14\">\n\t\t\t\t<div class=\"elementor-element elementor-element-19f56962 e-flex e-con-boxed e-con e-parent\" data-id=\"19f56962\" data-element_type=\"container\">\n\t\t\t\t\t<div class=\"e-con-inner\">\n\t\t\t\t<div class=\"elementor-element elementor-element-3fb668b1 elementor-widget elementor-widget-text-editor\" data-id=\"3fb668b1\" data-element_type=\"widget\" data-widget_type=\"text-editor.default\">\n\t\t\t\t\t\t\t\t\t<p>Notre adresse : 13 bis avenue du Gu\u00e9 45390 PUISEAUX<\/p>\t\t\t\t\t\t\t\t<\/div>\n\t\t\t\t<div class=\"elementor-element elementor-element-cf1519a elementor-widget elementor-widget-google_maps\" data-id=\"cf1519a\" data-element_type=\"widget\" data-widget_type=\"google_maps.default\">\n\t\t\t\t\t\t\t<div class=\"elementor-custom-embed\">\n\t\t\t<iframe loading=\"lazy\"\n\t\t\t\t\tsrc=\"https:\/\/maps.google.com\/maps?q=13%20bis%20avenue%20du%20Gu%C3%A9%2045390%20Puiseaux&#038;t=m&#038;z=16&#038;output=embed&#038;iwloc=near\"\n\t\t\t\t\ttitle=\"13 bis avenue du Gu\u00e9 45390 Puiseaux\"\n\t\t\t\t\taria-label=\"13 bis avenue du Gu\u00e9 45390 Puiseaux\"\n\t\t\t><\/iframe>\n\t\t<\/div>\n\t\t\t\t\t\t<\/div>\n\t\t<div class=\"elementor-element elementor-element-c734e88 e-grid e-con-full e-con e-child\" data-id=\"c734e88\" data-element_type=\"container\">\n\t\t\t\t<div class=\"elementor-element elementor-element-280203d elementor-widget elementor-widget-heading\" data-id=\"280203d\" data-element_type=\"widget\" data-widget_type=\"heading.default\">\n\t\t\t\t\t<h2 class=\"elementor-heading-title elementor-size-default\">Horaires<\/h2>\t\t\t\t<\/div>\n\t\t\t\t<div class=\"elementor-element elementor-element-50390f8 elementor-widget elementor-widget-heading\" data-id=\"50390f8\" data-element_type=\"widget\" data-widget_type=\"heading.default\">\n\t\t\t\t\t<h2 class=\"elementor-heading-title elementor-size-default\">T\u00e9l\u00e9phone<\/h2>\t\t\t\t<\/div>\n\t\t\t\t<div class=\"elementor-element elementor-element-35c5130 elementor-widget elementor-widget-heading\" data-id=\"35c5130\" data-element_type=\"widget\" data-widget_type=\"heading.default\">\n\t\t\t\t\t<h2 class=\"elementor-heading-title elementor-size-default\">Mail<\/h2>\t\t\t\t<\/div>\n\t\t\t\t<div class=\"elementor-element elementor-element-db1b1b3 elementor-widget elementor-widget-text-editor\" data-id=\"db1b1b3\" data-element_type=\"widget\" data-widget_type=\"text-editor.default\">\n\t\t\t\t\t\t\t\t\t<p><a href=\"mailto:lepicesttous@gmail.com\">lepicesttous@gmail.com<\/a><\/p>\t\t\t\t\t\t\t\t<\/div>\n\t\t\t\t<div class=\"elementor-element elementor-element-64f12d0 elementor-widget elementor-widget-text-editor\" data-id=\"64f12d0\" data-element_type=\"widget\" data-widget_type=\"text-editor.default\">\n\t\t\t\t\t\t\t\t\t<p>Mercredi de 13H30 \u00e0 17H<\/p><p>Samedi de 9H30 \u00e011H30<\/p>\t\t\t\t\t\t\t\t<\/div>\n\t\t\t\t<div class=\"elementor-element elementor-element-48dda35 elementor-widget elementor-widget-text-editor\" data-id=\"48dda35\" data-element_type=\"widget\" data-widget_type=\"text-editor.default\">\n\t\t\t\t\t\t\t\t\t<p>06 83 81 88 40<\/p>\t\t\t\t\t\t\t\t<\/div>\n\t\t\t\t<\/div>\n\t\t\t\t\t<\/div>\n\t\t\t\t<\/div>\n\t\t\t\t<\/div>\n\t\t","protected":false},"excerpt":{"rendered":"<p>Notre adresse : 13 bis avenue du Gu\u00e9 45390 PUISEAUX Horaires T\u00e9l\u00e9phone Mail lepicesttous@gmail.com Mercredi de 13H30 \u00e0 17H Samedi de 9H30 \u00e011H30 06 83 81 88 40<\/p>\n","protected":false},"author":1,"featured_media":0,"parent":0,"menu_order":0,"comment_status":"closed","ping_status":"closed","template":"","meta":{"footnotes":""},"class_list":["post-14","page","type-page","status-publish","hentry"],"yoast_head":"<!-- This site is optimized with the Yoast SEO plugin v26.6 - https:\/\/yoast.com\/wordpress\/plugins\/seo\/ -->\n<title>Contact - l&#039;epi c&#039;est tous<\/title>\n<meta name=\"robots\" content=\"index, follow, max-snippet:-1, max-image-preview:large, max-video-preview:-1\" \/>\n<link rel=\"canonical\" href=\"https:\/\/www.lepicesttous.fr\/index.php\/contact\/\" \/>\n<meta property=\"og:locale\" content=\"fr_FR\" \/>\n<meta property=\"og:type\" content=\"article\" \/>\n<meta property=\"og:title\" content=\"Contact - l&#039;epi c&#039;est tous\" \/>\n<meta property=\"og:description\" content=\"Notre adresse : 13 bis avenue du Gu\u00e9 45390 PUISEAUX Horaires T\u00e9l\u00e9phone Mail lepicesttous@gmail.com Mercredi de 13H30 \u00e0 17H Samedi de 9H30 \u00e011H30 06 83 81 88 40\" \/>\n<meta property=\"og:url\" content=\"https:\/\/www.lepicesttous.fr\/index.php\/contact\/\" \/>\n<meta property=\"og:site_name\" content=\"l&#039;epi c&#039;est tous\" \/>\n<meta property=\"article:modified_time\" content=\"2026-01-03T14:42:00+00:00\" \/>\n<meta name=\"twitter:card\" content=\"summary_large_image\" \/>\n<script type=\"application\/ld+json\" class=\"yoast-schema-graph\">{\"@context\":\"https:\/\/schema.org\",\"@graph\":[{\"@type\":\"WebPage\",\"@id\":\"https:\/\/www.lepicesttous.fr\/index.php\/contact\/\",\"url\":\"https:\/\/www.lepicesttous.fr\/index.php\/contact\/\",\"name\":\"Contact - l&#039;epi c&#039;est tous\",\"isPartOf\":{\"@id\":\"https:\/\/www.lepicesttous.fr\/#website\"},\"datePublished\":\"2025-12-29T19:42:32+00:00\",\"dateModified\":\"2026-01-03T14:42:00+00:00\",\"breadcrumb\":{\"@id\":\"https:\/\/www.lepicesttous.fr\/index.php\/contact\/#breadcrumb\"},\"inLanguage\":\"fr-FR\",\"potentialAction\":[{\"@type\":\"ReadAction\",\"target\":[\"https:\/\/www.lepicesttous.fr\/index.php\/contact\/\"]}]},{\"@type\":\"BreadcrumbList\",\"@id\":\"https:\/\/www.lepicesttous.fr\/index.php\/contact\/#breadcrumb\",\"itemListElement\":[{\"@type\":\"ListItem\",\"position\":1,\"name\":\"Accueil\",\"item\":\"https:\/\/www.lepicesttous.fr\/\"},{\"@type\":\"ListItem\",\"position\":2,\"name\":\"Contact\"}]},{\"@type\":\"WebSite\",\"@id\":\"https:\/\/www.lepicesttous.fr\/#website\",\"url\":\"https:\/\/www.lepicesttous.fr\/\",\"name\":\"l'epi c'est tous\",\"description\":\"\u00e9picerie solidaire sociale Puiseaux\",\"potentialAction\":[{\"@type\":\"SearchAction\",\"target\":{\"@type\":\"EntryPoint\",\"urlTemplate\":\"https:\/\/www.lepicesttous.fr\/?s={search_term_string}\"},\"query-input\":{\"@type\":\"PropertyValueSpecification\",\"valueRequired\":true,\"valueName\":\"search_term_string\"}}],\"inLanguage\":\"fr-FR\"}]}<\/script>\n<!-- \/ Yoast SEO plugin. -->","yoast_head_json":{"title":"Contact - l&#039;epi c&#039;est tous","robots":{"index":"index","follow":"follow","max-snippet":"max-snippet:-1","max-image-preview":"max-image-preview:large","max-video-preview":"max-video-preview:-1"},"canonical":"https:\/\/www.lepicesttous.fr\/index.php\/contact\/","og_locale":"fr_FR","og_type":"article","og_title":"Contact - l&#039;epi c&#039;est tous","og_description":"Notre adresse : 13 bis avenue du Gu\u00e9 45390 PUISEAUX Horaires T\u00e9l\u00e9phone Mail lepicesttous@gmail.com Mercredi de 13H30 \u00e0 17H Samedi de 9H30 \u00e011H30 06 83 81 88 40","og_url":"https:\/\/www.lepicesttous.fr\/index.php\/contact\/","og_site_name":"l&#039;epi c&#039;est tous","article_modified_time":"2026-01-03T14:42:00+00:00","twitter_card":"summary_large_image","schema":{"@context":"https:\/\/schema.org","@graph":[{"@type":"WebPage","@id":"https:\/\/www.lepicesttous.fr\/index.php\/contact\/","url":"https:\/\/www.lepicesttous.fr\/index.php\/contact\/","name":"Contact - l&#039;epi c&#039;est tous","isPartOf":{"@id":"https:\/\/www.lepicesttous.fr\/#website"},"datePublished":"2025-12-29T19:42:32+00:00","dateModified":"2026-01-03T14:42:00+00:00","breadcrumb":{"@id":"https:\/\/www.lepicesttous.fr\/index.php\/contact\/#breadcrumb"},"inLanguage":"fr-FR","potentialAction":[{"@type":"ReadAction","target":["https:\/\/www.lepicesttous.fr\/index.php\/contact\/"]}]},{"@type":"BreadcrumbList","@id":"https:\/\/www.lepicesttous.fr\/index.php\/contact\/#breadcrumb","itemListElement":[{"@type":"ListItem","position":1,"name":"Accueil","item":"https:\/\/www.lepicesttous.fr\/"},{"@type":"ListItem","position":2,"name":"Contact"}]},{"@type":"WebSite","@id":"https:\/\/www.lepicesttous.fr\/#website","url":"https:\/\/www.lepicesttous.fr\/","name":"l'epi c'est tous","description":"\u00e9picerie solidaire sociale Puiseaux","potentialAction":[{"@type":"SearchAction","target":{"@type":"EntryPoint","urlTemplate":"https:\/\/www.lepicesttous.fr\/?s={search_term_string}"},"query-input":{"@type":"PropertyValueSpecification","valueRequired":true,"valueName":"search_term_string"}}],"inLanguage":"fr-FR"}]}},"_links":{"self":[{"href":"https:\/\/www.lepicesttous.fr\/index.php\/wp-json\/wp\/v2\/pages\/14","targetHints":{"allow":["GET"]}}],"collection":[{"href":"https:\/\/www.lepicesttous.fr\/index.php\/wp-json\/wp\/v2\/pages"}],"about":[{"href":"https:\/\/www.lepicesttous.fr\/index.php\/wp-json\/wp\/v2\/types\/page"}],"author":[{"embeddable":true,"href":"https:\/\/www.lepicesttous.fr\/index.php\/wp-json\/wp\/v2\/users\/1"}],"replies":[{"embeddable":true,"href":"https:\/\/www.lepicesttous.fr\/index.php\/wp-json\/wp\/v2\/comments?post=14"}],"version-history":[{"count":34,"href":"https:\/\/www.lepicesttous.fr\/index.php\/wp-json\/wp\/v2\/pages\/14\/revisions"}],"predecessor-version":[{"id":378,"href":"https:\/\/www.lepicesttous.fr\/index.php\/wp-json\/wp\/v2\/pages\/14\/revisions\/378"}],"wp:attachment":[{"href":"https:\/\/www.lepicesttous.fr\/index.php\/wp-json\/wp\/v2\/media?parent=14"}],"curies":[{"name":"wp","href":"https:\/\/api.w.org\/{rel}","templated":true}]}}