{"id":2,"date":"2025-12-29T19:21:28","date_gmt":"2025-12-29T19:21:28","guid":{"rendered":"http:\/\/www.lepicesttous.fr\/?page_id=2"},"modified":"2026-01-03T14:19:59","modified_gmt":"2026-01-03T14:19:59","slug":"sample-page","status":"publish","type":"page","link":"https:\/\/www.lepicesttous.fr\/index.php\/sample-page\/","title":{"rendered":"Qui sommes-nous ?"},"content":{"rendered":"\t\t<div data-elementor-type=\"wp-page\" data-elementor-id=\"2\" class=\"elementor elementor-2\">\n\t\t\t\t<div class=\"elementor-element elementor-element-45f74f4f e-flex e-con-boxed e-con e-parent\" data-id=\"45f74f4f\" data-element_type=\"container\">\n\t\t\t\t\t<div class=\"e-con-inner\">\n\t\t\t\t<div class=\"elementor-element elementor-element-e7c553d elementor-pagination-position-outside elementor-widget elementor-widget-image-carousel\" data-id=\"e7c553d\" data-element_type=\"widget\" data-settings=\"{&quot;slides_to_show&quot;:&quot;4&quot;,&quot;navigation&quot;:&quot;dots&quot;,&quot;image_spacing_custom&quot;:{&quot;unit&quot;:&quot;px&quot;,&quot;size&quot;:37,&quot;sizes&quot;:[]},&quot;autoplay_speed&quot;:2000,&quot;speed&quot;:200,&quot;autoplay&quot;:&quot;yes&quot;,&quot;pause_on_hover&quot;:&quot;yes&quot;,&quot;pause_on_interaction&quot;:&quot;yes&quot;,&quot;image_spacing_custom_tablet&quot;:{&quot;unit&quot;:&quot;px&quot;,&quot;size&quot;:&quot;&quot;,&quot;sizes&quot;:[]},&quot;image_spacing_custom_mobile&quot;:{&quot;unit&quot;:&quot;px&quot;,&quot;size&quot;:&quot;&quot;,&quot;sizes&quot;:[]}}\" data-widget_type=\"image-carousel.default\">\n\t\t\t\t\t\t\t<div class=\"elementor-image-carousel-wrapper swiper\" role=\"region\" aria-roledescription=\"carousel\" aria-label=\"Image Carousel\" dir=\"ltr\">\n\t\t\t<div class=\"elementor-image-carousel swiper-wrapper\" aria-live=\"off\">\n\t\t\t\t\t\t\t\t<div class=\"swiper-slide\" role=\"group\" aria-roledescription=\"slide\" aria-label=\"1 sur 4\"><figure class=\"swiper-slide-inner\"><img decoding=\"async\" class=\"swiper-slide-image\" src=\"https:\/\/www.lepicesttous.fr\/wp-content\/uploads\/2025\/12\/Plan-de-travail-5@4x.png\" alt=\"\" \/><\/figure><\/div><div class=\"swiper-slide\" role=\"group\" aria-roledescription=\"slide\" aria-label=\"2 sur 4\"><figure class=\"swiper-slide-inner\"><img decoding=\"async\" class=\"swiper-slide-image\" src=\"https:\/\/www.lepicesttous.fr\/wp-content\/uploads\/2025\/12\/epicerie-solidaire-1.jpg\" alt=\"\" \/><\/figure><\/div><div class=\"swiper-slide\" role=\"group\" aria-roledescription=\"slide\" aria-label=\"3 sur 4\"><figure class=\"swiper-slide-inner\"><img decoding=\"async\" class=\"swiper-slide-image\" src=\"https:\/\/www.lepicesttous.fr\/wp-content\/uploads\/2025\/12\/epicerie-solidaire-2.jpg\" alt=\"\" \/><\/figure><\/div><div class=\"swiper-slide\" role=\"group\" aria-roledescription=\"slide\" aria-label=\"4 sur 4\"><figure class=\"swiper-slide-inner\"><img decoding=\"async\" class=\"swiper-slide-image\" src=\"https:\/\/www.lepicesttous.fr\/wp-content\/uploads\/2025\/12\/epicerie-3-1-scaled.jpg\" alt=\"\" \/><\/figure><\/div>\t\t\t<\/div>\n\t\t\t\t\t\t\t\n\t\t\t\t\t\t\t\t\t<div class=\"swiper-pagination\"><\/div>\n\t\t\t\t\t\t\t\t\t<\/div>\n\t\t\t\t\t\t<\/div>\n\t\t\t\t<div class=\"elementor-element elementor-element-8b64191 elementor-widget elementor-widget-text-editor\" data-id=\"8b64191\" data-element_type=\"widget\" data-widget_type=\"text-editor.default\">\n\t\t\t\t\t\t\t\t\t<p><strong>L&rsquo;association L&rsquo;Epi C&rsquo;est Tous a vu le jour en 2021. Elle est constitu\u00e9e d&rsquo;un Conseil d&rsquo;Administration de 13 personnes\u00a0 et une vingtaine de B\u00e9n\u00e9voles.<\/strong><\/p><p><strong>Nous sommes adh\u00e9rents au r\u00e9seau d&rsquo;ANDES (Association Nationale des Epiceries Solidaires) qui est habilit\u00e9 \u00e0 recevoir des financements publics (Etat,collectivit\u00e9s, Europe).<\/strong><\/p>\t\t\t\t\t\t\t\t<\/div>\n\t\t\t\t<div class=\"elementor-element elementor-element-b20a9f1 elementor-widget elementor-widget-heading\" data-id=\"b20a9f1\" data-element_type=\"widget\" data-widget_type=\"heading.default\">\n\t\t\t\t\t<h2 class=\"elementor-heading-title elementor-size-default\">UNE \u00c9PICERIE SOLIDAIRE <\/h2>\t\t\t\t<\/div>\n\t\t\t\t<div class=\"elementor-element elementor-element-d445ba3 elementor-widget elementor-widget-text-editor\" data-id=\"d445ba3\" data-element_type=\"widget\" data-widget_type=\"text-editor.default\">\n\t\t\t\t\t\t\t\t\t<p>ANDES nous accompagne tout au long de notre d\u00e9marche et nous a permis de construire notre projet en mettant \u00e0 disposition son r\u00e9seau et leur expertise.<\/p><p>Notre objectif est d&rsquo;apporter un soutien et un accompagnement ponctuel \u00e0 des familles qui sont en marge de la pr\u00e9carit\u00e9 suite \u00e0 un accident de parcours (panne de v\u00e9hicule, retards de paiement d\u2019allocations, retards de loyer, accidents de la Vie,\u2026). Partager avec elles des moments privil\u00e9gi\u00e9s, apporter ainsi un soutien et un accompagnement dans la gestion de leur budget.<\/p><p>L&rsquo;\u00e9picerie proposera en libre service \u00e0 prix tr\u00e8s r\u00e9duit des produits alimentaire et hygi\u00e8ne du quotidien. Les produits seront vendus \u00e0 30 % maxi de la valeur marchande.<\/p><p>Nous envisageons, d\u00e8s que la structure le permettra, la mise en place d\u2019ateliers (cuisine, budget familial,\u2026) afin de favoriser l\u2019\u00e9ducation du \u00ab bien manger \u00bb, limiter le gaspillage.<\/p><p>Les locaux sont mis \u00e0 disposition par la ville de Puiseaux et nous proposons cette offre \u00e0 tous les habitants des 13 communes du Puiseautin. Les b\u00e9n\u00e9ficiaires nous sont envoy\u00e9s par les travailleurs sociaux et\/ou le CCAS de la ville de Puiseaux.<\/p>\t\t\t\t\t\t\t\t<\/div>\n\t\t\t\t<div class=\"elementor-element elementor-element-5828dd9 elementor-pagination-position-inside elementor-arrows-position-inside elementor-widget elementor-widget-image-carousel\" data-id=\"5828dd9\" data-element_type=\"widget\" data-settings=\"{&quot;slides_to_show&quot;:&quot;3&quot;,&quot;autoplay_speed&quot;:2500,&quot;speed&quot;:200,&quot;image_spacing_custom&quot;:{&quot;unit&quot;:&quot;px&quot;,&quot;size&quot;:57,&quot;sizes&quot;:[]},&quot;navigation&quot;:&quot;both&quot;,&quot;autoplay&quot;:&quot;yes&quot;,&quot;pause_on_hover&quot;:&quot;yes&quot;,&quot;pause_on_interaction&quot;:&quot;yes&quot;,&quot;image_spacing_custom_tablet&quot;:{&quot;unit&quot;:&quot;px&quot;,&quot;size&quot;:&quot;&quot;,&quot;sizes&quot;:[]},&quot;image_spacing_custom_mobile&quot;:{&quot;unit&quot;:&quot;px&quot;,&quot;size&quot;:&quot;&quot;,&quot;sizes&quot;:[]}}\" data-widget_type=\"image-carousel.default\">\n\t\t\t\t\t\t\t<div class=\"elementor-image-carousel-wrapper swiper\" role=\"region\" aria-roledescription=\"carousel\" aria-label=\"Carrousel d\u2019images\" dir=\"ltr\">\n\t\t\t<div class=\"elementor-image-carousel swiper-wrapper\" aria-live=\"off\">\n\t\t\t\t\t\t\t\t<div class=\"swiper-slide\" role=\"group\" aria-roledescription=\"slide\" aria-label=\"1 sur 3\"><figure class=\"swiper-slide-inner\"><img decoding=\"async\" class=\"swiper-slide-image\" src=\"https:\/\/www.lepicesttous.fr\/wp-content\/uploads\/2026\/01\/lOGO-andes.png\" alt=\"lOGO andes\" \/><\/figure><\/div><div class=\"swiper-slide\" role=\"group\" aria-roledescription=\"slide\" aria-label=\"2 sur 3\"><figure class=\"swiper-slide-inner\"><img decoding=\"async\" class=\"swiper-slide-image\" src=\"https:\/\/www.lepicesttous.fr\/wp-content\/uploads\/2026\/01\/Capture-decran-CA-e1770644974198-768x295.png\" alt=\"Initiatives locales CA\" \/><\/figure><\/div><div class=\"swiper-slide\" role=\"group\" aria-roledescription=\"slide\" aria-label=\"3 sur 3\"><figure class=\"swiper-slide-inner\"><img decoding=\"async\" class=\"swiper-slide-image\" src=\"https:\/\/www.lepicesttous.fr\/wp-content\/uploads\/2026\/01\/logo-banques-alimentaires.png\" alt=\"\" \/><\/figure><\/div>\t\t\t<\/div>\n\t\t\t\t\t\t\t\t\t\t\t\t<div class=\"elementor-swiper-button elementor-swiper-button-prev\" role=\"button\" tabindex=\"0\">\n\t\t\t\t\t\t<svg aria-hidden=\"true\" class=\"e-font-icon-svg e-eicon-chevron-left\" viewBox=\"0 0 1000 1000\" xmlns=\"http:\/\/www.w3.org\/2000\/svg\"><path d=\"M646 125C629 125 613 133 604 142L308 442C296 454 292 471 292 487 292 504 296 521 308 533L604 854C617 867 629 875 646 875 663 875 679 871 692 858 704 846 713 829 713 812 713 796 708 779 692 767L438 487 692 225C700 217 708 204 708 187 708 171 704 154 692 142 675 129 663 125 646 125Z\"><\/path><\/svg>\t\t\t\t\t<\/div>\n\t\t\t\t\t<div class=\"elementor-swiper-button elementor-swiper-button-next\" role=\"button\" tabindex=\"0\">\n\t\t\t\t\t\t<svg aria-hidden=\"true\" class=\"e-font-icon-svg e-eicon-chevron-right\" viewBox=\"0 0 1000 1000\" xmlns=\"http:\/\/www.w3.org\/2000\/svg\"><path d=\"M696 533C708 521 713 504 713 487 713 471 708 454 696 446L400 146C388 133 375 125 354 125 338 125 325 129 313 142 300 154 292 171 292 187 292 204 296 221 308 233L563 492 304 771C292 783 288 800 288 817 288 833 296 850 308 863 321 871 338 875 354 875 371 875 388 867 400 854L696 533Z\"><\/path><\/svg>\t\t\t\t\t<\/div>\n\t\t\t\t\n\t\t\t\t\t\t\t\t\t<div class=\"swiper-pagination\"><\/div>\n\t\t\t\t\t\t\t\t\t<\/div>\n\t\t\t\t\t\t<\/div>\n\t\t\t\t<div class=\"elementor-element elementor-element-950ebc0 elementor-widget elementor-widget-heading\" data-id=\"950ebc0\" data-element_type=\"widget\" data-widget_type=\"heading.default\">\n\t\t\t\t\t<h3 class=\"elementor-heading-title elementor-size-default\">UNE AIDE ALIMENTAIRE QUI N\u2019EN A PAS L\u2019AIR<\/h3>\t\t\t\t<\/div>\n\t\t\t\t<div class=\"elementor-element elementor-element-394aa9a elementor-widget elementor-widget-text-editor\" data-id=\"394aa9a\" data-element_type=\"widget\" data-widget_type=\"text-editor.default\">\n\t\t\t\t\t\t\t\t\t<p><img fetchpriority=\"high\" decoding=\"async\" class=\"alignleft wp-image-95 size-large\" src=\"https:\/\/www.lepicesttous.fr\/wp-content\/uploads\/2025\/12\/epicerie-solidaire-1-1024x683.jpg\" alt=\"\" width=\"800\" height=\"534\" \/> Les \u00e9piceries solidaires proposent des produits vari\u00e9s et de qualit\u00e9\u2009: produits secs, fruits et l\u00e9gumes, produits frais, viandes, poissons, produits bio, locaux, du vrac\u2026 Mais aussi des produits d\u2019hygi\u00e8ne, d\u2019entretien de la maison ou du mat\u00e9riel de cuisine.<\/p><p>Les clients b\u00e9n\u00e9ficiaires sont orient\u00e9s vers l\u2019\u00e9picerie solidaire par des travailleurs sociaux ou le CCAS de Puiseaux et b\u00e9n\u00e9ficient d\u2019un accompagnement personnalis\u00e9. Afin de favoriser le retour \u00e0 l\u2019autonomie, la dur\u00e9e d\u2019acc\u00e8s \u00e0 l\u2019\u00e9picerie solidaire est limit\u00e9e dans le temps. Elle se situe entre 3 mois et 6 mois. L\u2019acc\u00e8s \u00e0 l\u2019\u00e9picerie peut \u00eatre renouvel\u00e9.<\/p><p>Les \u00e9piceries solidaires\u00a0 sont\u00e9galement des espaces d\u2019accueil, d\u2019\u00e9coute et d\u2019\u00e9change, o\u00f9 ont lieu de nombreuses activit\u00e9s cr\u00e9atrices de lien social qui permettent de mettre en valeur les comp\u00e9tences de chacun et de gagner en confiance en soi.<\/p><p>Les clients b\u00e9n\u00e9ficiaires sont encourag\u00e9s \u00e0 jouer un r\u00f4le actif dans la vie de l\u2019\u00e9picerie solidaire, dans les ateliers qui y sont organis\u00e9s.<\/p>\t\t\t\t\t\t\t\t<\/div>\n\t\t\t\t<div class=\"elementor-element elementor-element-20538cf elementor-widget elementor-widget-text-editor\" data-id=\"20538cf\" data-element_type=\"widget\" data-widget_type=\"text-editor.default\">\n\t\t\t\t\t\t\t\t\t<p><span style=\"text-decoration: underline;\"><strong>ORIGINE DES PRODUITS:<\/strong><\/span><\/p><p>Nos approvisionnements sont issus pour partie de partenariats avec des producteurs locaux et commerces de proximit\u00e9 qui nous fourniront leurs invendus.<\/p><p>Nous compl\u00e9terons notre offre par des achats aupr\u00e8s de la Banque Alimentaire ou commerces locaux.<\/p>\t\t\t\t\t\t\t\t<\/div>\n\t\t\t\t\t<\/div>\n\t\t\t\t<\/div>\n\t\t\t\t<\/div>\n\t\t","protected":false},"excerpt":{"rendered":"<p>L&rsquo;association L&rsquo;Epi C&rsquo;est Tous a vu le jour en 2021. Elle est constitu\u00e9e d&rsquo;un Conseil d&rsquo;Administration de 13 personnes\u00a0 et une vingtaine de B\u00e9n\u00e9voles. Nous sommes adh\u00e9rents au r\u00e9seau d&rsquo;ANDES (Association Nationale des Epiceries Solidaires) qui est habilit\u00e9 \u00e0 recevoir des financements publics (Etat,collectivit\u00e9s, Europe). UNE \u00c9PICERIE SOLIDAIRE ANDES nous accompagne tout au long de [&hellip;]<\/p>\n","protected":false},"author":1,"featured_media":0,"parent":0,"menu_order":0,"comment_status":"closed","ping_status":"open","template":"","meta":{"footnotes":""},"class_list":["post-2","page","type-page","status-publish","hentry"],"yoast_head":"<!-- This site is optimized with the Yoast SEO plugin v26.6 - https:\/\/yoast.com\/wordpress\/plugins\/seo\/ -->\n<title>Qui sommes-nous ? - l&#039;epi c&#039;est tous<\/title>\n<meta name=\"robots\" content=\"index, follow, max-snippet:-1, max-image-preview:large, max-video-preview:-1\" \/>\n<link rel=\"canonical\" href=\"https:\/\/www.lepicesttous.fr\/index.php\/sample-page\/\" \/>\n<meta property=\"og:locale\" content=\"fr_FR\" \/>\n<meta property=\"og:type\" content=\"article\" \/>\n<meta property=\"og:title\" content=\"Qui sommes-nous ? - l&#039;epi c&#039;est tous\" \/>\n<meta property=\"og:description\" content=\"L&rsquo;association L&rsquo;Epi C&rsquo;est Tous a vu le jour en 2021. Elle est constitu\u00e9e d&rsquo;un Conseil d&rsquo;Administration de 13 personnes\u00a0 et une vingtaine de B\u00e9n\u00e9voles. Nous sommes adh\u00e9rents au r\u00e9seau d&rsquo;ANDES (Association Nationale des Epiceries Solidaires) qui est habilit\u00e9 \u00e0 recevoir des financements publics (Etat,collectivit\u00e9s, Europe). UNE \u00c9PICERIE SOLIDAIRE ANDES nous accompagne tout au long de [&hellip;]\" \/>\n<meta property=\"og:url\" content=\"https:\/\/www.lepicesttous.fr\/index.php\/sample-page\/\" \/>\n<meta property=\"og:site_name\" content=\"l&#039;epi c&#039;est tous\" \/>\n<meta property=\"article:modified_time\" content=\"2026-01-03T14:19:59+00:00\" \/>\n<meta property=\"og:image\" content=\"https:\/\/www.lepicesttous.fr\/wp-content\/uploads\/2025\/12\/Plan-de-travail-5@4x-e1767095156577.png\" \/>\n<meta name=\"twitter:card\" content=\"summary_large_image\" \/>\n<meta name=\"twitter:label1\" content=\"Dur\u00e9e de lecture estim\u00e9e\" \/>\n\t<meta name=\"twitter:data1\" content=\"4 minutes\" \/>\n<script type=\"application\/ld+json\" class=\"yoast-schema-graph\">{\"@context\":\"https:\/\/schema.org\",\"@graph\":[{\"@type\":\"WebPage\",\"@id\":\"https:\/\/www.lepicesttous.fr\/index.php\/sample-page\/\",\"url\":\"https:\/\/www.lepicesttous.fr\/index.php\/sample-page\/\",\"name\":\"Qui sommes-nous ? - l&#039;epi c&#039;est tous\",\"isPartOf\":{\"@id\":\"https:\/\/www.lepicesttous.fr\/#website\"},\"primaryImageOfPage\":{\"@id\":\"https:\/\/www.lepicesttous.fr\/index.php\/sample-page\/#primaryimage\"},\"image\":{\"@id\":\"https:\/\/www.lepicesttous.fr\/index.php\/sample-page\/#primaryimage\"},\"thumbnailUrl\":\"https:\/\/www.lepicesttous.fr\/wp-content\/uploads\/2025\/12\/Plan-de-travail-5@4x-e1767095156577.png\",\"datePublished\":\"2025-12-29T19:21:28+00:00\",\"dateModified\":\"2026-01-03T14:19:59+00:00\",\"breadcrumb\":{\"@id\":\"https:\/\/www.lepicesttous.fr\/index.php\/sample-page\/#breadcrumb\"},\"inLanguage\":\"fr-FR\",\"potentialAction\":[{\"@type\":\"ReadAction\",\"target\":[\"https:\/\/www.lepicesttous.fr\/index.php\/sample-page\/\"]}]},{\"@type\":\"ImageObject\",\"inLanguage\":\"fr-FR\",\"@id\":\"https:\/\/www.lepicesttous.fr\/index.php\/sample-page\/#primaryimage\",\"url\":\"\",\"contentUrl\":\"\"},{\"@type\":\"BreadcrumbList\",\"@id\":\"https:\/\/www.lepicesttous.fr\/index.php\/sample-page\/#breadcrumb\",\"itemListElement\":[{\"@type\":\"ListItem\",\"position\":1,\"name\":\"Accueil\",\"item\":\"https:\/\/www.lepicesttous.fr\/\"},{\"@type\":\"ListItem\",\"position\":2,\"name\":\"Qui sommes-nous ?\"}]},{\"@type\":\"WebSite\",\"@id\":\"https:\/\/www.lepicesttous.fr\/#website\",\"url\":\"https:\/\/www.lepicesttous.fr\/\",\"name\":\"l'epi c'est tous\",\"description\":\"\u00e9picerie solidaire sociale Puiseaux\",\"potentialAction\":[{\"@type\":\"SearchAction\",\"target\":{\"@type\":\"EntryPoint\",\"urlTemplate\":\"https:\/\/www.lepicesttous.fr\/?s={search_term_string}\"},\"query-input\":{\"@type\":\"PropertyValueSpecification\",\"valueRequired\":true,\"valueName\":\"search_term_string\"}}],\"inLanguage\":\"fr-FR\"}]}<\/script>\n<!-- \/ Yoast SEO plugin. -->","yoast_head_json":{"title":"Qui sommes-nous ? - l&#039;epi c&#039;est tous","robots":{"index":"index","follow":"follow","max-snippet":"max-snippet:-1","max-image-preview":"max-image-preview:large","max-video-preview":"max-video-preview:-1"},"canonical":"https:\/\/www.lepicesttous.fr\/index.php\/sample-page\/","og_locale":"fr_FR","og_type":"article","og_title":"Qui sommes-nous ? - l&#039;epi c&#039;est tous","og_description":"L&rsquo;association L&rsquo;Epi C&rsquo;est Tous a vu le jour en 2021. Elle est constitu\u00e9e d&rsquo;un Conseil d&rsquo;Administration de 13 personnes\u00a0 et une vingtaine de B\u00e9n\u00e9voles. Nous sommes adh\u00e9rents au r\u00e9seau d&rsquo;ANDES (Association Nationale des Epiceries Solidaires) qui est habilit\u00e9 \u00e0 recevoir des financements publics (Etat,collectivit\u00e9s, Europe). UNE \u00c9PICERIE SOLIDAIRE ANDES nous accompagne tout au long de [&hellip;]","og_url":"https:\/\/www.lepicesttous.fr\/index.php\/sample-page\/","og_site_name":"l&#039;epi c&#039;est tous","article_modified_time":"2026-01-03T14:19:59+00:00","og_image":[{"url":"https:\/\/www.lepicesttous.fr\/wp-content\/uploads\/2025\/12\/Plan-de-travail-5@4x-e1767095156577.png","type":"","width":"","height":""}],"twitter_card":"summary_large_image","twitter_misc":{"Dur\u00e9e de lecture estim\u00e9e":"4 minutes"},"schema":{"@context":"https:\/\/schema.org","@graph":[{"@type":"WebPage","@id":"https:\/\/www.lepicesttous.fr\/index.php\/sample-page\/","url":"https:\/\/www.lepicesttous.fr\/index.php\/sample-page\/","name":"Qui sommes-nous ? - l&#039;epi c&#039;est tous","isPartOf":{"@id":"https:\/\/www.lepicesttous.fr\/#website"},"primaryImageOfPage":{"@id":"https:\/\/www.lepicesttous.fr\/index.php\/sample-page\/#primaryimage"},"image":{"@id":"https:\/\/www.lepicesttous.fr\/index.php\/sample-page\/#primaryimage"},"thumbnailUrl":"https:\/\/www.lepicesttous.fr\/wp-content\/uploads\/2025\/12\/Plan-de-travail-5@4x-e1767095156577.png","datePublished":"2025-12-29T19:21:28+00:00","dateModified":"2026-01-03T14:19:59+00:00","breadcrumb":{"@id":"https:\/\/www.lepicesttous.fr\/index.php\/sample-page\/#breadcrumb"},"inLanguage":"fr-FR","potentialAction":[{"@type":"ReadAction","target":["https:\/\/www.lepicesttous.fr\/index.php\/sample-page\/"]}]},{"@type":"ImageObject","inLanguage":"fr-FR","@id":"https:\/\/www.lepicesttous.fr\/index.php\/sample-page\/#primaryimage","url":"","contentUrl":""},{"@type":"BreadcrumbList","@id":"https:\/\/www.lepicesttous.fr\/index.php\/sample-page\/#breadcrumb","itemListElement":[{"@type":"ListItem","position":1,"name":"Accueil","item":"https:\/\/www.lepicesttous.fr\/"},{"@type":"ListItem","position":2,"name":"Qui sommes-nous ?"}]},{"@type":"WebSite","@id":"https:\/\/www.lepicesttous.fr\/#website","url":"https:\/\/www.lepicesttous.fr\/","name":"l'epi c'est tous","description":"\u00e9picerie solidaire sociale Puiseaux","potentialAction":[{"@type":"SearchAction","target":{"@type":"EntryPoint","urlTemplate":"https:\/\/www.lepicesttous.fr\/?s={search_term_string}"},"query-input":{"@type":"PropertyValueSpecification","valueRequired":true,"valueName":"search_term_string"}}],"inLanguage":"fr-FR"}]}},"_links":{"self":[{"href":"https:\/\/www.lepicesttous.fr\/index.php\/wp-json\/wp\/v2\/pages\/2","targetHints":{"allow":["GET"]}}],"collection":[{"href":"https:\/\/www.lepicesttous.fr\/index.php\/wp-json\/wp\/v2\/pages"}],"about":[{"href":"https:\/\/www.lepicesttous.fr\/index.php\/wp-json\/wp\/v2\/types\/page"}],"author":[{"embeddable":true,"href":"https:\/\/www.lepicesttous.fr\/index.php\/wp-json\/wp\/v2\/users\/1"}],"replies":[{"embeddable":true,"href":"https:\/\/www.lepicesttous.fr\/index.php\/wp-json\/wp\/v2\/comments?post=2"}],"version-history":[{"count":154,"href":"https:\/\/www.lepicesttous.fr\/index.php\/wp-json\/wp\/v2\/pages\/2\/revisions"}],"predecessor-version":[{"id":368,"href":"https:\/\/www.lepicesttous.fr\/index.php\/wp-json\/wp\/v2\/pages\/2\/revisions\/368"}],"wp:attachment":[{"href":"https:\/\/www.lepicesttous.fr\/index.php\/wp-json\/wp\/v2\/media?parent=2"}],"curies":[{"name":"wp","href":"https:\/\/api.w.org\/{rel}","templated":true}]}}