{"id":64,"date":"2025-12-29T21:09:17","date_gmt":"2025-12-29T21:09:17","guid":{"rendered":"http:\/\/www.lepicesttous.fr\/?page_id=64"},"modified":"2026-02-11T19:53:57","modified_gmt":"2026-02-11T19:53:57","slug":"accueil","status":"publish","type":"page","link":"https:\/\/www.lepicesttous.fr\/","title":{"rendered":"Accueil"},"content":{"rendered":"\t\t<div data-elementor-type=\"wp-page\" data-elementor-id=\"64\" class=\"elementor elementor-64\">\n\t\t\t\t<div class=\"elementor-element elementor-element-e3d0e6d e-flex e-con-boxed e-con e-parent\" data-id=\"e3d0e6d\" data-element_type=\"container\">\n\t\t\t\t\t<div class=\"e-con-inner\">\n\t\t\t\t<div class=\"elementor-element elementor-element-21c808f elementor-widget elementor-widget-text-editor\" data-id=\"21c808f\" data-element_type=\"widget\" data-widget_type=\"text-editor.default\">\n\t\t\t\t\t\t\t\t\t<h3>Notez: <strong>\u00a0 \u00a0 \u00a0 \u00a0 \u00a0 \u00a0 \u00a0 \u00a0 \u00a0 \u00a0 \u00a0 \u00a0 \u00a0 \u00a0 \u00a0 \u00a0\u00a0<\/strong><\/h3><p><strong>Retrouvez le compte-rendu de notre Assembl\u00e9e G\u00e9n\u00e9rale ordinaire du 06\/06\/2026 dans les documents utiles &#8230; Bonne lecture et \u00e0 bient\u00f4t<\/strong><\/p>\t\t\t\t\t\t\t\t<\/div>\n\t\t\t\t\t<\/div>\n\t\t\t\t<\/div>\n\t\t<div class=\"elementor-element elementor-element-ad99976 e-grid e-con-boxed e-con e-parent\" data-id=\"ad99976\" data-element_type=\"container\">\n\t\t\t\t\t<div class=\"e-con-inner\">\n\t\t\t\t<div class=\"elementor-element elementor-element-7079125 elementor-widget elementor-widget-image\" data-id=\"7079125\" data-element_type=\"widget\" data-widget_type=\"image.default\">\n\t\t\t\t\t\t\t\t\t\t\t\t<figure class=\"wp-caption\">\n\t\t\t\t\t\t\t\t\t\t<img fetchpriority=\"high\" decoding=\"async\" width=\"746\" height=\"723\" src=\"https:\/\/www.lepicesttous.fr\/wp-content\/uploads\/2026\/01\/image0.jpeg\" class=\"attachment-large size-large wp-image-272\" alt=\"\" srcset=\"https:\/\/www.lepicesttous.fr\/wp-content\/uploads\/2026\/01\/image0.jpeg 746w, https:\/\/www.lepicesttous.fr\/wp-content\/uploads\/2026\/01\/image0-300x291.jpeg 300w\" sizes=\"(max-width: 746px) 100vw, 746px\" \/>\t\t\t\t\t\t\t\t\t\t\t<figcaption class=\"widget-image-caption wp-caption-text\">Courrier du Loiret <\/figcaption>\n\t\t\t\t\t\t\t\t\t\t<\/figure>\n\t\t\t\t\t\t\t\t\t<\/div>\n\t\t\t\t<div class=\"elementor-element elementor-element-74b31ac elementor-widget elementor-widget-image\" data-id=\"74b31ac\" data-element_type=\"widget\" data-widget_type=\"image.default\">\n\t\t\t\t\t\t\t\t\t\t\t\t<figure class=\"wp-caption\">\n\t\t\t\t\t\t\t\t\t\t<img decoding=\"async\" width=\"985\" height=\"739\" src=\"https:\/\/www.lepicesttous.fr\/wp-content\/uploads\/2026\/02\/0.jpg\" class=\"attachment-2048x2048 size-2048x2048 wp-image-560\" alt=\"\" srcset=\"https:\/\/www.lepicesttous.fr\/wp-content\/uploads\/2026\/02\/0.jpg 985w, https:\/\/www.lepicesttous.fr\/wp-content\/uploads\/2026\/02\/0-300x225.jpg 300w, https:\/\/www.lepicesttous.fr\/wp-content\/uploads\/2026\/02\/0-768x576.jpg 768w\" sizes=\"(max-width: 985px) 100vw, 985px\" \/>\t\t\t\t\t\t\t\t\t\t\t<figcaption class=\"widget-image-caption wp-caption-text\">r\u00e9union de chantier du 5 f\u00e9vrier 2026<\/figcaption>\n\t\t\t\t\t\t\t\t\t\t<\/figure>\n\t\t\t\t\t\t\t\t\t<\/div>\n\t\t\t\t<div class=\"elementor-element elementor-element-9ed23c7 elementor-widget elementor-widget-image\" data-id=\"9ed23c7\" data-element_type=\"widget\" data-widget_type=\"image.default\">\n\t\t\t\t\t\t\t\t\t\t\t\t<figure class=\"wp-caption\">\n\t\t\t\t\t\t\t\t\t\t<img decoding=\"async\" width=\"603\" height=\"439\" src=\"https:\/\/www.lepicesttous.fr\/wp-content\/uploads\/2026\/02\/Article-la-REP-du-09022026.jpg\" class=\"attachment-2048x2048 size-2048x2048 wp-image-578\" alt=\"\" srcset=\"https:\/\/www.lepicesttous.fr\/wp-content\/uploads\/2026\/02\/Article-la-REP-du-09022026.jpg 603w, https:\/\/www.lepicesttous.fr\/wp-content\/uploads\/2026\/02\/Article-la-REP-du-09022026-300x218.jpg 300w\" sizes=\"(max-width: 603px) 100vw, 603px\" \/>\t\t\t\t\t\t\t\t\t\t\t<figcaption class=\"widget-image-caption wp-caption-text\">article dans la R\u00e9publique du Centre le 09\/02\/26, l'\u00e9claireur du G\u00e2tinais du 11\/02\/26 et le Courrier du Loiret du 12\/02\/26<\/figcaption>\n\t\t\t\t\t\t\t\t\t\t<\/figure>\n\t\t\t\t\t\t\t\t\t<\/div>\n\t\t\t\t\t<\/div>\n\t\t\t\t<\/div>\n\t\t<div class=\"elementor-element elementor-element-a2617fb e-flex e-con-boxed e-con e-parent\" data-id=\"a2617fb\" data-element_type=\"container\">\n\t\t\t\t\t<div class=\"e-con-inner\">\n\t\t\t\t<div class=\"elementor-element elementor-element-a11a685 elementor-shape-rounded elementor-grid-0 e-grid-align-center elementor-widget elementor-widget-social-icons\" data-id=\"a11a685\" data-element_type=\"widget\" data-widget_type=\"social-icons.default\">\n\t\t\t\t\t\t\t<div class=\"elementor-social-icons-wrapper elementor-grid\" role=\"list\">\n\t\t\t\t\t\t\t<span class=\"elementor-grid-item\" role=\"listitem\">\n\t\t\t\t\t<a class=\"elementor-icon elementor-social-icon elementor-social-icon-facebook elementor-repeater-item-e57e84e\" target=\"_blank\">\n\t\t\t\t\t\t<span class=\"elementor-screen-only\">Facebook<\/span>\n\t\t\t\t\t\t<svg aria-hidden=\"true\" class=\"e-font-icon-svg e-fab-facebook\" viewBox=\"0 0 512 512\" xmlns=\"http:\/\/www.w3.org\/2000\/svg\"><path d=\"M504 256C504 119 393 8 256 8S8 119 8 256c0 123.78 90.69 226.38 209.25 245V327.69h-63V256h63v-54.64c0-62.15 37-96.48 93.67-96.48 27.14 0 55.52 4.84 55.52 4.84v61h-31.28c-30.8 0-40.41 19.12-40.41 38.73V256h68.78l-11 71.69h-57.78V501C413.31 482.38 504 379.78 504 256z\"><\/path><\/svg>\t\t\t\t\t<\/a>\n\t\t\t\t<\/span>\n\t\t\t\t\t\t\t<span class=\"elementor-grid-item\" role=\"listitem\">\n\t\t\t\t\t<a class=\"elementor-icon elementor-social-icon elementor-social-icon-twitter elementor-repeater-item-db6c306\" target=\"_blank\">\n\t\t\t\t\t\t<span class=\"elementor-screen-only\">Twitter<\/span>\n\t\t\t\t\t\t<svg aria-hidden=\"true\" class=\"e-font-icon-svg e-fab-twitter\" viewBox=\"0 0 512 512\" xmlns=\"http:\/\/www.w3.org\/2000\/svg\"><path d=\"M459.37 151.716c.325 4.548.325 9.097.325 13.645 0 138.72-105.583 298.558-298.558 298.558-59.452 0-114.68-17.219-161.137-47.106 8.447.974 16.568 1.299 25.34 1.299 49.055 0 94.213-16.568 130.274-44.832-46.132-.975-84.792-31.188-98.112-72.772 6.498.974 12.995 1.624 19.818 1.624 9.421 0 18.843-1.3 27.614-3.573-48.081-9.747-84.143-51.98-84.143-102.985v-1.299c13.969 7.797 30.214 12.67 47.431 13.319-28.264-18.843-46.781-51.005-46.781-87.391 0-19.492 5.197-37.36 14.294-52.954 51.655 63.675 129.3 105.258 216.365 109.807-1.624-7.797-2.599-15.918-2.599-24.04 0-57.828 46.782-104.934 104.934-104.934 30.213 0 57.502 12.67 76.67 33.137 23.715-4.548 46.456-13.32 66.599-25.34-7.798 24.366-24.366 44.833-46.132 57.827 21.117-2.273 41.584-8.122 60.426-16.243-14.292 20.791-32.161 39.308-52.628 54.253z\"><\/path><\/svg>\t\t\t\t\t<\/a>\n\t\t\t\t<\/span>\n\t\t\t\t\t\t\t<span class=\"elementor-grid-item\" role=\"listitem\">\n\t\t\t\t\t<a class=\"elementor-icon elementor-social-icon elementor-social-icon-youtube elementor-repeater-item-69f26ba\" target=\"_blank\">\n\t\t\t\t\t\t<span class=\"elementor-screen-only\">Youtube<\/span>\n\t\t\t\t\t\t<svg aria-hidden=\"true\" class=\"e-font-icon-svg e-fab-youtube\" viewBox=\"0 0 576 512\" xmlns=\"http:\/\/www.w3.org\/2000\/svg\"><path d=\"M549.655 124.083c-6.281-23.65-24.787-42.276-48.284-48.597C458.781 64 288 64 288 64S117.22 64 74.629 75.486c-23.497 6.322-42.003 24.947-48.284 48.597-11.412 42.867-11.412 132.305-11.412 132.305s0 89.438 11.412 132.305c6.281 23.65 24.787 41.5 48.284 47.821C117.22 448 288 448 288 448s170.78 0 213.371-11.486c23.497-6.321 42.003-24.171 48.284-47.821 11.412-42.867 11.412-132.305 11.412-132.305s0-89.438-11.412-132.305zm-317.51 213.508V175.185l142.739 81.205-142.739 81.201z\"><\/path><\/svg>\t\t\t\t\t<\/a>\n\t\t\t\t<\/span>\n\t\t\t\t\t<\/div>\n\t\t\t\t\t\t<\/div>\n\t\t\t\t\t<\/div>\n\t\t\t\t<\/div>\n\t\t<div class=\"elementor-element elementor-element-7404b57 e-flex e-con-boxed e-con e-parent\" data-id=\"7404b57\" data-element_type=\"container\">\n\t\t\t\t\t<div class=\"e-con-inner\">\n\t\t\t\t\t<\/div>\n\t\t\t\t<\/div>\n\t\t\t\t<\/div>\n\t\t","protected":false},"excerpt":{"rendered":"<p>Notez: \u00a0 \u00a0 \u00a0 \u00a0 \u00a0 \u00a0 \u00a0 \u00a0 \u00a0 \u00a0 \u00a0 \u00a0 \u00a0 \u00a0 \u00a0 \u00a0\u00a0 Retrouvez le compte-rendu de notre Assembl\u00e9e G\u00e9n\u00e9rale ordinaire du 06\/06\/2026 dans les documents utiles &#8230; Bonne lecture et \u00e0 bient\u00f4t Courrier du Loiret r\u00e9union de chantier du 5 f\u00e9vrier 2026 article dans la R\u00e9publique du Centre le 09\/02\/26, [&hellip;]<\/p>\n","protected":false},"author":1,"featured_media":0,"parent":0,"menu_order":0,"comment_status":"closed","ping_status":"closed","template":"","meta":{"footnotes":""},"class_list":["post-64","page","type-page","status-publish","hentry"],"yoast_head":"<!-- This site is optimized with the Yoast SEO plugin v26.6 - https:\/\/yoast.com\/wordpress\/plugins\/seo\/ -->\n<title>Accueil - l&#039;epi c&#039;est tous<\/title>\n<meta name=\"robots\" content=\"index, follow, max-snippet:-1, max-image-preview:large, max-video-preview:-1\" \/>\n<link rel=\"canonical\" href=\"https:\/\/www.lepicesttous.fr\/\" \/>\n<meta property=\"og:locale\" content=\"fr_FR\" \/>\n<meta property=\"og:type\" content=\"article\" \/>\n<meta property=\"og:title\" content=\"Accueil - l&#039;epi c&#039;est tous\" \/>\n<meta property=\"og:description\" content=\"Notez: \u00a0 \u00a0 \u00a0 \u00a0 \u00a0 \u00a0 \u00a0 \u00a0 \u00a0 \u00a0 \u00a0 \u00a0 \u00a0 \u00a0 \u00a0 \u00a0\u00a0 Retrouvez le compte-rendu de notre Assembl\u00e9e G\u00e9n\u00e9rale ordinaire du 06\/06\/2026 dans les documents utiles &#8230; Bonne lecture et \u00e0 bient\u00f4t Courrier du Loiret r\u00e9union de chantier du 5 f\u00e9vrier 2026 article dans la R\u00e9publique du Centre le 09\/02\/26, [&hellip;]\" \/>\n<meta property=\"og:url\" content=\"https:\/\/www.lepicesttous.fr\/\" \/>\n<meta property=\"og:site_name\" content=\"l&#039;epi c&#039;est tous\" \/>\n<meta property=\"article:modified_time\" content=\"2026-02-11T19:53:57+00:00\" \/>\n<meta property=\"og:image\" content=\"https:\/\/www.lepicesttous.fr\/wp-content\/uploads\/2026\/01\/image0.jpeg\" \/>\n\t<meta property=\"og:image:width\" content=\"746\" \/>\n\t<meta property=\"og:image:height\" content=\"723\" \/>\n\t<meta property=\"og:image:type\" content=\"image\/jpeg\" \/>\n<meta name=\"twitter:card\" content=\"summary_large_image\" \/>\n<meta name=\"twitter:label1\" content=\"Dur\u00e9e de lecture estim\u00e9e\" \/>\n\t<meta name=\"twitter:data1\" content=\"1 minute\" \/>\n<script type=\"application\/ld+json\" class=\"yoast-schema-graph\">{\"@context\":\"https:\/\/schema.org\",\"@graph\":[{\"@type\":\"WebPage\",\"@id\":\"https:\/\/www.lepicesttous.fr\/\",\"url\":\"https:\/\/www.lepicesttous.fr\/\",\"name\":\"Accueil - l&#039;epi c&#039;est tous\",\"isPartOf\":{\"@id\":\"https:\/\/www.lepicesttous.fr\/#website\"},\"primaryImageOfPage\":{\"@id\":\"https:\/\/www.lepicesttous.fr\/#primaryimage\"},\"image\":{\"@id\":\"https:\/\/www.lepicesttous.fr\/#primaryimage\"},\"thumbnailUrl\":\"https:\/\/www.lepicesttous.fr\/wp-content\/uploads\/2026\/01\/image0.jpeg\",\"datePublished\":\"2025-12-29T21:09:17+00:00\",\"dateModified\":\"2026-02-11T19:53:57+00:00\",\"breadcrumb\":{\"@id\":\"https:\/\/www.lepicesttous.fr\/#breadcrumb\"},\"inLanguage\":\"fr-FR\",\"potentialAction\":[{\"@type\":\"ReadAction\",\"target\":[\"https:\/\/www.lepicesttous.fr\/\"]}]},{\"@type\":\"ImageObject\",\"inLanguage\":\"fr-FR\",\"@id\":\"https:\/\/www.lepicesttous.fr\/#primaryimage\",\"url\":\"https:\/\/www.lepicesttous.fr\/wp-content\/uploads\/2026\/01\/image0.jpeg\",\"contentUrl\":\"https:\/\/www.lepicesttous.fr\/wp-content\/uploads\/2026\/01\/image0.jpeg\",\"width\":746,\"height\":723,\"caption\":\"Screenshot\"},{\"@type\":\"BreadcrumbList\",\"@id\":\"https:\/\/www.lepicesttous.fr\/#breadcrumb\",\"itemListElement\":[{\"@type\":\"ListItem\",\"position\":1,\"name\":\"Accueil\",\"item\":\"https:\/\/www.lepicesttous.fr\/\"},{\"@type\":\"ListItem\",\"position\":2,\"name\":\"Accueil\"}]},{\"@type\":\"WebSite\",\"@id\":\"https:\/\/www.lepicesttous.fr\/#website\",\"url\":\"https:\/\/www.lepicesttous.fr\/\",\"name\":\"l'epi c'est tous\",\"description\":\"\u00e9picerie solidaire sociale Puiseaux\",\"potentialAction\":[{\"@type\":\"SearchAction\",\"target\":{\"@type\":\"EntryPoint\",\"urlTemplate\":\"https:\/\/www.lepicesttous.fr\/?s={search_term_string}\"},\"query-input\":{\"@type\":\"PropertyValueSpecification\",\"valueRequired\":true,\"valueName\":\"search_term_string\"}}],\"inLanguage\":\"fr-FR\"}]}<\/script>\n<!-- \/ Yoast SEO plugin. -->","yoast_head_json":{"title":"Accueil - l&#039;epi c&#039;est tous","robots":{"index":"index","follow":"follow","max-snippet":"max-snippet:-1","max-image-preview":"max-image-preview:large","max-video-preview":"max-video-preview:-1"},"canonical":"https:\/\/www.lepicesttous.fr\/","og_locale":"fr_FR","og_type":"article","og_title":"Accueil - l&#039;epi c&#039;est tous","og_description":"Notez: \u00a0 \u00a0 \u00a0 \u00a0 \u00a0 \u00a0 \u00a0 \u00a0 \u00a0 \u00a0 \u00a0 \u00a0 \u00a0 \u00a0 \u00a0 \u00a0\u00a0 Retrouvez le compte-rendu de notre Assembl\u00e9e G\u00e9n\u00e9rale ordinaire du 06\/06\/2026 dans les documents utiles &#8230; Bonne lecture et \u00e0 bient\u00f4t Courrier du Loiret r\u00e9union de chantier du 5 f\u00e9vrier 2026 article dans la R\u00e9publique du Centre le 09\/02\/26, [&hellip;]","og_url":"https:\/\/www.lepicesttous.fr\/","og_site_name":"l&#039;epi c&#039;est tous","article_modified_time":"2026-02-11T19:53:57+00:00","og_image":[{"width":746,"height":723,"url":"https:\/\/www.lepicesttous.fr\/wp-content\/uploads\/2026\/01\/image0.jpeg","type":"image\/jpeg"}],"twitter_card":"summary_large_image","twitter_misc":{"Dur\u00e9e de lecture estim\u00e9e":"1 minute"},"schema":{"@context":"https:\/\/schema.org","@graph":[{"@type":"WebPage","@id":"https:\/\/www.lepicesttous.fr\/","url":"https:\/\/www.lepicesttous.fr\/","name":"Accueil - l&#039;epi c&#039;est tous","isPartOf":{"@id":"https:\/\/www.lepicesttous.fr\/#website"},"primaryImageOfPage":{"@id":"https:\/\/www.lepicesttous.fr\/#primaryimage"},"image":{"@id":"https:\/\/www.lepicesttous.fr\/#primaryimage"},"thumbnailUrl":"https:\/\/www.lepicesttous.fr\/wp-content\/uploads\/2026\/01\/image0.jpeg","datePublished":"2025-12-29T21:09:17+00:00","dateModified":"2026-02-11T19:53:57+00:00","breadcrumb":{"@id":"https:\/\/www.lepicesttous.fr\/#breadcrumb"},"inLanguage":"fr-FR","potentialAction":[{"@type":"ReadAction","target":["https:\/\/www.lepicesttous.fr\/"]}]},{"@type":"ImageObject","inLanguage":"fr-FR","@id":"https:\/\/www.lepicesttous.fr\/#primaryimage","url":"https:\/\/www.lepicesttous.fr\/wp-content\/uploads\/2026\/01\/image0.jpeg","contentUrl":"https:\/\/www.lepicesttous.fr\/wp-content\/uploads\/2026\/01\/image0.jpeg","width":746,"height":723,"caption":"Screenshot"},{"@type":"BreadcrumbList","@id":"https:\/\/www.lepicesttous.fr\/#breadcrumb","itemListElement":[{"@type":"ListItem","position":1,"name":"Accueil","item":"https:\/\/www.lepicesttous.fr\/"},{"@type":"ListItem","position":2,"name":"Accueil"}]},{"@type":"WebSite","@id":"https:\/\/www.lepicesttous.fr\/#website","url":"https:\/\/www.lepicesttous.fr\/","name":"l'epi c'est tous","description":"\u00e9picerie solidaire sociale Puiseaux","potentialAction":[{"@type":"SearchAction","target":{"@type":"EntryPoint","urlTemplate":"https:\/\/www.lepicesttous.fr\/?s={search_term_string}"},"query-input":{"@type":"PropertyValueSpecification","valueRequired":true,"valueName":"search_term_string"}}],"inLanguage":"fr-FR"}]}},"_links":{"self":[{"href":"https:\/\/www.lepicesttous.fr\/index.php\/wp-json\/wp\/v2\/pages\/64","targetHints":{"allow":["GET"]}}],"collection":[{"href":"https:\/\/www.lepicesttous.fr\/index.php\/wp-json\/wp\/v2\/pages"}],"about":[{"href":"https:\/\/www.lepicesttous.fr\/index.php\/wp-json\/wp\/v2\/types\/page"}],"author":[{"embeddable":true,"href":"https:\/\/www.lepicesttous.fr\/index.php\/wp-json\/wp\/v2\/users\/1"}],"replies":[{"embeddable":true,"href":"https:\/\/www.lepicesttous.fr\/index.php\/wp-json\/wp\/v2\/comments?post=64"}],"version-history":[{"count":100,"href":"https:\/\/www.lepicesttous.fr\/index.php\/wp-json\/wp\/v2\/pages\/64\/revisions"}],"predecessor-version":[{"id":642,"href":"https:\/\/www.lepicesttous.fr\/index.php\/wp-json\/wp\/v2\/pages\/64\/revisions\/642"}],"wp:attachment":[{"href":"https:\/\/www.lepicesttous.fr\/index.php\/wp-json\/wp\/v2\/media?parent=64"}],"curies":[{"name":"wp","href":"https:\/\/api.w.org\/{rel}","templated":true}]}}